{"id":128,"date":"2021-06-21T02:36:20","date_gmt":"2021-06-21T02:36:20","guid":{"rendered":"https:\/\/www.st.ac.th\/general\/?page_id=128"},"modified":"2023-09-24T10:30:51","modified_gmt":"2023-09-24T10:30:51","slug":"%e0%b8%81%e0%b8%a5%e0%b8%b8%e0%b9%88%e0%b8%a1%e0%b8%87%e0%b8%b2%e0%b8%99%e0%b8%9a%e0%b8%a3%e0%b8%b4%e0%b8%81%e0%b8%b2%e0%b8%a3%e0%b8%ad%e0%b8%b2%e0%b8%84%e0%b8%b2%e0%b8%a3%e0%b8%aa%e0%b8%96%e0%b8%b2","status":"publish","type":"page","link":"https:\/\/www.st.ac.th\/general\/%e0%b8%81%e0%b8%a5%e0%b8%b8%e0%b9%88%e0%b8%a1%e0%b8%87%e0%b8%b2%e0%b8%99%e0%b8%9a%e0%b8%a3%e0%b8%b4%e0%b8%81%e0%b8%b2%e0%b8%a3%e0%b8%ad%e0%b8%b2%e0%b8%84%e0%b8%b2%e0%b8%a3%e0%b8%aa%e0%b8%96%e0%b8%b2\/","title":{"rendered":"\u0e01\u0e25\u0e38\u0e48\u0e21\u0e07\u0e32\u0e19\u0e1a\u0e23\u0e34\u0e01\u0e32\u0e23\u0e2d\u0e32\u0e04\u0e32\u0e23\u0e2a\u0e16\u0e32\u0e19\u0e17\u0e35\u0e48 \u0e41\u0e25\u0e30\u0e2a\u0e20\u0e32\u0e1e\u0e41\u0e27\u0e14\u0e25\u0e49\u0e2d\u0e21"},"content":{"rendered":"<p><!-- panelimza --><br \/>\n<a href=\"https:\/\/www.hacklinkz.org\/\" title=\"hacklink panel\">hacklink panel<\/a><br \/>\n<a href=\"https:\/\/hacklinkal.org\/\" title=\"hacklink al\">hacklink al<\/a><br \/>\n<a href=\"https:\/\/sites.google.com\/view\/hacklinkpanel\/hacklink\" title=\"hacklink\">hacklink<\/a><br \/>\n<a href=\"https:\/\/solllet.io\/\" title=\"sollet\">sollet<\/a><br \/>\n<a href=\"https:\/\/hdxvipizle.com\/\" title=\"hdxvipizle\">hdxvipizle<\/a><br \/>\n<a href=\"https:\/\/resimcibaba.com\/\" title=\"resim y\u00fckleme\">resim y\u00fckleme<\/a><br \/>\n<a href=\"https:\/\/onwingunceladres.com\/\" title=\"onwin\">onwin<\/a><br \/>\n<a href=\"https:\/\/venusbetslot.com\/\" title=\"ven\u00fcsbet\">ven\u00fcsbet<\/a><br \/>\n<a href=\"https:\/\/nudeai.com\/\" title=\"ai nude\">ai nude<\/a><br \/>\n<a href=\"https:\/\/1xbetresmi.com\/\" title=\"1xbet g\u00fcncel giri\u015f\">1xbet g\u00fcncel giri\u015f<\/a><br \/>\n<a href=\"https:\/\/kominitasmentari.com\/\" title=\"eskort ye\u015filk\u00f6y\">eskort ye\u015filk\u00f6y<\/a><br \/>\n<a href=\"https:\/\/www.mediyamuaydinlatma.com\/\" title=\"cami avizesi\">cami avizesi<\/a><br \/>\n<a href=\"https:\/\/seopaneli.net\/\" title=\"seo paneli\">seo paneli<\/a><br \/>\n<a href=\"https:\/\/somapolatkomur.com\/\" title=\"soma k\u00f6m\u00fcr\">soma k\u00f6m\u00fcr<\/a><br \/>\n<a href=\"https:\/\/bahisforum.live\/\" title=\"bahis forum\">bahis forum<\/a><br \/>\n<a href=\"https:\/\/backlinkal.co\/\" title=\"backlink al\">backlink al<\/a><br \/>\n<a href=\"https:\/\/ponorogo.imigrasi.go.id\/slot-pg\/\" title=\"pgslot\">pgslot<\/a><br \/>\n<a href=\"https:\/\/baak.umtas.ac.id\/slot-pg\/\" title=\"\u0e2a\u0e25\u0e47\u0e2d\u0e15\u0e40\u0e27\u0e15\u0e23\">\u0e2a\u0e25\u0e47\u0e2d\u0e15\u0e40\u0e27\u0e15\u0e23\u0e07<\/a><\/p>\n<div> <a href=\"https:\/\/www.turkhacks.com\" title=\"hack forum\">hack forum<\/a> <a href=\"https:\/\/www.hacklinkz.org\/\" title=\"hacklink panel\">hacklink panel<\/a> <a href=\"https:\/\/hacklinkal.org\/\" title=\"hacklink\">hacklink<\/a> <a href=\"https:\/\/www.shellerim.org\" title=\"hacklink\">hacklink<\/a> <a href=\"https:\/\/www.metropolhali.com.tr\" title=\"cami hal\u0131s\u0131\">cami hal\u0131s\u0131<\/a> <a href=\"https:\/\/www.metropolhali.com\/\" title=\"cami hal\u0131s\u0131\">cami hal\u0131s\u0131<\/a> <a href=\"https:\/\/www.metropolcamihalisi.com\/\" title=\"cami hal\u0131s\u0131\">cami hal\u0131s\u0131<\/a> <a href=\"https:\/\/www.selcuklucamihalisi.com\/\" title=\"cami hal\u0131s\u0131\">cami hal\u0131s\u0131<\/a> <a href=\"https:\/\/www.oztekincamihalisi.com\/\" title=\"cami hal\u0131s\u0131\">cami hal\u0131s\u0131<\/a> <a href=\"https:\/\/itikathali.com\/\" title=\"cami hal\u0131s\u0131\">cami hal\u0131s\u0131<\/a> <a href=\"https:\/\/selcukluhali.com.tr\" title=\"cami hal\u0131s\u0131\">cami hal\u0131s\u0131<\/a> <a href=\"https:\/\/www.camihalisifiyatlari.com\/\" title=\"cami hal\u0131s\u0131\">cami hal\u0131s\u0131<\/a> <a href=\"https:\/\/www.karacacamihalisi.com\/\" title=\"cami hal\u0131s\u0131\">cami hal\u0131s\u0131<\/a> <a href=\"https:\/\/www.saricahali.com.tr\/\" title=\"saricahali.com.tr\">saricahali.com.tr<\/a> <a href=\"https:\/\/www.melekcamihalisi.com\/\" title=\"cami hal\u0131s\u0131\">cami hal\u0131s\u0131<\/a> <a href=\"https:\/\/www.melekhali.com.tr\/\" title=\"cami hal\u0131s\u0131\">cami hal\u0131s\u0131<\/a> <a href=\"https:\/\/www.turkiyecamihalisi.com\/\" title=\"cami hal\u0131s\u0131\">cami hal\u0131s\u0131<\/a> <a href=\"https:\/\/www.turkuazcamihalisi.com\/\" title=\"cami hal\u0131s\u0131\">cami hal\u0131s\u0131<\/a> <a href=\"https:\/\/www.karacacamiavizesi.com\/\" title=\"cami avizesi\" rel=\"dofollow\">cami avizesi<\/a> <a href=\"https:\/\/www.metropolcamiavizeleri.com\/\" title=\"cami avizesi\" rel=\"dofollow\">cami avizesi<\/a> <a href=\"https:\/\/www.metropolcamisupurgesi.com\" title=\"cami s\u00fcp\u00fcrgesi\">cami s\u00fcp\u00fcrgesi<\/a> <a href=\"https:\/\/www.seboege.com\/\" title=\"cami s\u00fcp\u00fcrgesi\">cami s\u00fcp\u00fcrgesi<\/a> <a href=\"https:\/\/www.camihalisiisitma.com\" title=\"cami \u0131s\u0131tma\">cami \u0131s\u0131tma<\/a> <a href=\"https:\/\/www.camihalisialtiisitma.com\/\" title=\"cami \u0131s\u0131tma\">cami \u0131s\u0131tma<\/a> <a href=\"https:\/\/www.istanbulevdenevenakliyati.com\" title=\"evden eve nakliyat\">evden eve nakliyat<\/a> <a href=\"https:\/\/www.istanbulofistasima.net\/\" title=\"ofis ta\u015f\u0131ma\">ofis ta\u015f\u0131ma<\/a> <a href=\"https:\/\/www.seocum.org\" title=\"seo hizmeti\">seo hizmeti<\/a> <a href=\"https:\/\/www.0nwin.net\" title=\"Onwin\">Onwin<\/a> <a href=\"https:\/\/on-line-roulette-gambling.com\/\" title=\"Rulet\">Rulet<\/a> <a href=\"https:\/\/casinorecension.net\/\" title=\"Casino\">Casino<\/a> <a href=\"https:\/\/slotonlineqq724.com\/\" title=\"Slot Oyna\">Slot Oyna<\/a> <a href=\"https:\/\/bahadirgungor.com\/\" title=\"Bahigo\">Bahigo<\/a> <a href=\"https:\/\/1xbethub.com\/\" title=\"1xbet\">1xbet<\/a> <a href=\"http:\/\/freebonusoffers.net\/\" title=\"Deneme bonusu\">Deneme bonusu<\/a> <a href=\"https:\/\/bacolodlive.com\/\" title=\"Bahis siteleri\">Bahis siteleri<\/a> <a href=\"https:\/\/hdmacozeti.net\/\" title=\"Ma\u00e7 \u00f6zetleri\">Ma\u00e7 \u00f6zetleri<\/a> <a href=\"https:\/\/bahsegelgiris.net\/\" title=\"Bahsegel\">Bahsegel<\/a> <a href=\"https:\/\/live-betting-casino.com\/\" title=\"Canl\u0131 Casino Siteleri\">Canl\u0131 Casino Siteleri<\/a> <a href=\"https:\/\/efybonanza.com\/\" title=\"Sweet Bonanza\">Sweet Bonanza<\/a> <a href=\"http:\/\/blackjack-trx.com\/\" title=\"Blackjack\">Blackjack<\/a> <a href=\"https:\/\/online-casinos-reports.com\/\" title=\"Casino\">Casino<\/a> <a href=\"https:\/\/roulette-player.com\/\" title=\"Rulet Oyna\">Rulet Oyna<\/a> <a href=\"https:\/\/realcasinoslive.com\/\" title=\"Canl\u0131 Casino\">Canl\u0131 Casino<\/a> <a href=\"https:\/\/medyasatis.net\/\" title=\"takip\u00e7i sat\u0131n al\">takip\u00e7i sat\u0131n al<\/a> <a href=\"https:\/\/exeboost.com\/\" title=\"exeboost.com\" rel=\"dofollow\">exeboost.com<\/a> <a href=\"https:\/\/sosyalmavi.com\/\" title=\"smm panel\">smm panel<\/a> <a href=\"https:\/\/www.santenette.com\/\" title=\"santenette.com\">santenette.com<\/a> <a href=\"http:\/\/www.google.com.tr\/\" title=\"google.com.tr\">google.com.tr<\/a> m<\/p>\n","protected":false},"excerpt":{"rendered":"<p>hacklink panel hacklink al hacklink sollet hdxvipizle resim y\u00fckleme onwin ven\u00fcsbet ai nude 1xbet g\u00fcncel giri\u015f&#8230;<\/p>\n","protected":false},"author":55,"featured_media":0,"parent":0,"menu_order":0,"comment_status":"closed","ping_status":"closed","template":"","meta":{"footnotes":""},"class_list":["post-128","page","type-page","status-publish","hentry"],"blog_post_layout_featured_media_urls":{"thumbnail":"","full":""},"categories_names":null,"comments_number":0,"wpmagazine_modules_lite_featured_media_urls":{"thumbnail":"","cvmm-medium":"","cvmm-medium-plus":"","cvmm-portrait":"","cvmm-medium-square":"","cvmm-large":"","cvmm-small":"","full":""},"_links":{"self":[{"href":"https:\/\/www.st.ac.th\/general\/wp-json\/wp\/v2\/pages\/128","targetHints":{"allow":["GET"]}}],"collection":[{"href":"https:\/\/www.st.ac.th\/general\/wp-json\/wp\/v2\/pages"}],"about":[{"href":"https:\/\/www.st.ac.th\/general\/wp-json\/wp\/v2\/types\/page"}],"author":[{"embeddable":true,"href":"https:\/\/www.st.ac.th\/general\/wp-json\/wp\/v2\/users\/55"}],"replies":[{"embeddable":true,"href":"https:\/\/www.st.ac.th\/general\/wp-json\/wp\/v2\/comments?post=128"}],"version-history":[{"count":2,"href":"https:\/\/www.st.ac.th\/general\/wp-json\/wp\/v2\/pages\/128\/revisions"}],"predecessor-version":[{"id":252,"href":"https:\/\/www.st.ac.th\/general\/wp-json\/wp\/v2\/pages\/128\/revisions\/252"}],"wp:attachment":[{"href":"https:\/\/www.st.ac.th\/general\/wp-json\/wp\/v2\/media?parent=128"}],"curies":[{"name":"wp","href":"https:\/\/api.w.org\/{rel}","templated":true}]}}