{"id":15,"date":"2014-12-22T08:56:35","date_gmt":"2014-12-22T08:56:35","guid":{"rendered":"http:\/\/www.st.ac.th\/cnst\/?page_id=15"},"modified":"2015-07-23T14:32:19","modified_gmt":"2015-07-23T14:32:19","slug":"%e0%b8%ab%e0%b8%a5%e0%b8%b1%e0%b8%81%e0%b9%84%e0%b8%a7%e0%b8%a2%e0%b8%b2%e0%b8%81%e0%b8%a3%e0%b8%93%e0%b9%8c","status":"publish","type":"page","link":"https:\/\/www.st.ac.th\/cnst\/%e0%b8%ab%e0%b8%a5%e0%b8%b1%e0%b8%81%e0%b9%84%e0%b8%a7%e0%b8%a2%e0%b8%b2%e0%b8%81%e0%b8%a3%e0%b8%93%e0%b9%8c\/","title":{"rendered":"\u0e2b\u0e25\u0e31\u0e01\u0e44\u0e27\u0e22\u0e32\u0e01\u0e23\u0e13\u0e4c"},"content":{"rendered":"<p><span style=\"text-decoration: underline\"><strong>\u0e01\u0e32\u0e23\u0e1c\u0e31\u0e19\u0e40\u0e2a\u0e35\u0e22\u0e07\u0e02\u0e2d\u0e07\u0e04\u0e33\u0e27\u0e48\u0e32 \u4e00<\/strong><\/span><\/p>\n<p>\u0e15\u0e31\u0e27\u0e40\u0e25\u0e02 \u4e00 \u0e40\u0e2a\u0e35\u0e22\u0e07\u0e40\u0e14\u0e34\u0e21\u0e40\u0e1b\u0e47\u0e19\u0e27\u0e23\u0e23\u0e13\u0e22\u0e38\u0e01\u0e15\u0e4c\u0e17\u0e35\u0e481 \u0e40\u0e27\u0e25\u0e32\u0e2d\u0e48\u0e32\u0e19\u0e15\u0e32\u0e21\u0e25\u0e33\u0e1e\u0e31\u0e07 \u0e19\u0e31\u0e1a\u0e08\u0e33\u0e19\u0e27\u0e19\u0e2b\u0e23\u0e37\u0e2d\u0e2d\u0e48\u0e32\u0e19\u0e2b\u0e21\u0e32\u0e22\u0e40\u0e25\u0e02 \u0e22\u0e31\u0e07\u0e04\u0e07\u0e2d\u0e2d\u0e01\u0e40\u0e2a\u0e35\u0e22\u0e07\u0e27\u0e23\u0e23\u0e13\u0e22\u0e38\u0e01\u0e15\u0e4c\u0e40\u0e14\u0e34\u0e21 \u0e43\u0e19\u0e01\u0e23\u0e13\u0e35\u0e21\u0e35\u0e1e\u0e22\u0e32\u0e07\u0e04\u0e4c\u0e40\u0e2a\u0e35\u0e22\u0e07\u0e27\u0e23\u0e23\u0e13\u0e22\u0e38\u0e01\u0e15\u0e4c\u0e17\u0e35\u0e481 \u0e17\u0e35\u0e482 \u0e2b\u0e23\u0e37\u0e2d\u0e17\u0e35\u0e483 \u0e15\u0e32\u0e21\u0e2b\u0e25\u0e31\u0e07 \u4e00 \u0e15\u0e49\u0e2d\u0e07\u0e1c\u0e31\u0e19\u0e40\u0e1b\u0e47\u0e19\u0e40\u0e2a\u0e35\u0e22\u0e07\u0e27\u0e23\u0e23\u0e13\u0e22\u0e38\u0e01\u0e15\u0e4c\u0e17\u0e35\u0e484 \u0e40\u0e0a\u0e48\u0e19<\/p>\n<p>\u4e00\u652f\u7b14\u00a0\u00a0\u00a0\u00a0\u00a0\u00a0\u00a0\u00a0\u00a0 \u00a0\u00a0\u00a0\u00a0\u00a0\u00a0 y\u00eczh\u012b b\u01d0<\/p>\n<p>\u4e00\u53f0\u51b7\u6c14\u673a\u00a0\u00a0\u00a0\u00a0\u00a0\u00a0\u00a0\u00a0 y\u00ect\u00e0il\u011bngq\u00ecj\u012b<\/p>\n<p>\u4e00\u672c\u8bcd\u5178\u00a0\u00a0\u00a0\u00a0\u00a0\u00a0\u00a0\u00a0\u00a0\u00a0\u00a0\u00a0 y\u00ecb\u011bnc\u00ed di\u01cen<\/p>\n<p>\u0e40\u0e21\u0e37\u0e48\u0e2d\u0e21\u0e35\u0e1e\u0e22\u0e32\u0e07\u0e04\u0e4c\u0e40\u0e2a\u0e35\u0e22\u0e07\u0e27\u0e23\u0e23\u0e13\u0e22\u0e38\u0e01\u0e15\u0e4c\u0e17\u0e35\u0e484\u0e15\u0e32\u0e21\u0e2b\u0e25\u0e31\u0e07 \u4e00\u0e15\u0e49\u0e2d\u0e07\u0e1c\u0e31\u0e19\u0e40\u0e1b\u0e47\u0e19\u0e40\u0e2a\u0e35\u0e22\u0e07\u0e27\u0e23\u0e23\u0e13\u0e22\u0e38\u0e01\u0e15\u0e4c\u0e17\u0e35\u0e482 \u0e40\u0e0a\u0e48\u0e19<\/p>\n<p>\u4e00\u4e2a\u540c\u5b66\u00a0\u00a0\u00a0\u00a0\u00a0\u00a0\u00a0\u00a0\u00a0\u00a0\u00a0\u00a0\u00a0 yiget\u00f3ngxu\u00e9<\/p>\n<p>1.\u80fd\u3001\u4f1a\u00a0\u0e41\u0e25\u0e30\u00a0\u53ef\u4ee5\u0e2a\u0e32\u0e21\u0e32\u0e23\u0e16\u0e43\u0e0a\u0e49\u0e41\u0e17\u0e19\u0e01\u0e31\u0e19\u0e44\u0e14\u0e49\u0e40\u0e21\u0e37\u0e48\u0e2d\u0e41\u0e2a\u0e14\u0e07\u0e16\u0e36\u0e07\u0e01\u0e32\u0e23\u0e21\u0e35\u0e17\u0e31\u0e01\u0e29\u0e30\u0e2b\u0e23\u0e37\u0e2d\u0e04\u0e27\u0e32\u0e21\u0e2a\u0e32\u0e21\u0e32\u0e23\u0e16\u0e14\u0e49\u0e32\u0e19\u0e43\u0e14\u0e14\u0e49\u0e32\u0e19\u0e2b\u0e19\u0e36\u0e48\u0e07\u00a0\u00a0\u0e41\u0e15\u0e48\u0e16\u0e49\u0e32\u0e08\u0e30\u0e43\u0e2b\u0e49\u0e07\u0e48\u0e32\u0e22\u0e15\u0e48\u0e2d\u0e04\u0e27\u0e32\u0e21\u0e40\u0e02\u0e49\u0e32\u0e43\u0e08\u0e41\u0e25\u0e49\u0e27\u0e01\u0e47\u0e25\u0e2d\u0e07\u0e41\u0e1b\u0e25\u0e43\u0e2b\u0e49\u0e04\u0e27\u0e32\u0e21\u0e2b\u0e21\u0e32\u0e22\u0e15\u0e48\u0e32\u0e07\u0e01\u0e31\u0e19\u0e40\u0e25\u0e47\u0e01\u0e19\u0e49\u0e2d\u0e22 \u0e40\u0e0a\u0e48\u0e19<\/p>\n<p>\u6211<u>\u80fd<\/u>\u8bf4\u6c49\u8bed\u3002\u0e09\u0e31\u0e19<u>\u0e2a\u0e32\u0e21\u0e32\u0e23\u0e16<\/u>\u0e1e\u0e39\u0e14\u0e20\u0e32\u0e29\u0e32\u0e08\u0e35\u0e19<\/p>\n<p>\u6211<u>\u4f1a<\/u>\u8bf4\u6c49\u8bed\u3002\u0e09\u0e31\u0e19\u0e1e\u0e39\u0e14\u0e20\u0e32\u0e29\u0e32\u0e08\u0e35\u0e19<u>\u0e40\u0e1b\u0e47\u0e19<\/u><\/p>\n<p>\u6211<u>\u53ef\u4ee5<\/u>\u8bf4\u6c49\u8bed\u3002\u0e09\u0e31\u0e19\u0e1e\u0e39\u0e14\u0e20\u0e32\u0e29\u0e32\u0e08\u0e35\u0e19<u>\u0e44\u0e14\u0e49<\/u><\/p>\n<p>2.\u4f1a\u00a0\u0e22\u0e31\u0e07\u0e21\u0e35\u0e04\u0e27\u0e32\u0e21\u0e2b\u0e21\u0e32\u0e22\u0e43\u0e19\u0e40\u0e0a\u0e34\u0e07\u0e04\u0e32\u0e14\u0e40\u0e14\u0e32\u0e27\u0e48\u0e32\u0e21\u0e35\u0e04\u0e27\u0e32\u0e21\u0e40\u0e1b\u0e47\u0e19\u0e44\u0e1b\u0e44\u0e14\u0e49\u0e17\u0e35\u0e48\u0e08\u0e30\u0e40\u0e01\u0e34\u0e14\u0e02\u0e36\u0e49\u0e19\u00a0\u00a0\u0e42\u0e14\u0e22\u0e41\u0e1b\u0e25\u0e27\u0e48\u0e32 \u0e08\u0e30\u00a0\u00a0\u0e40\u0e0a\u0e48\u0e19\u00a0\u4eca\u5929\u4f1a\u4e0b\u96e8\u3002\u0e27\u0e31\u0e19\u0e19\u0e35\u0e49\u0e1d\u0e19\u0e08\u0e30\u0e15\u0e01\u00a0\u00a0\u0e01\u0e23\u0e13\u0e35\u0e19\u0e35\u0e49\u0e44\u0e21\u0e48\u0e2a\u0e32\u0e21\u0e32\u0e23\u0e16\u0e43\u0e0a\u0e49\u00a0\u80fd\u00a0\u0e01\u0e31\u0e1a\u00a0\u53ef\u4ee5\u00a0\u0e41\u0e17\u0e19\u0e44\u0e14\u0e49<\/p>\n<p>3.\u80fd\u0e01\u0e31\u0e1a\u00a0\u4f1a\u0e43\u0e0a\u0e49\u0e40\u0e2b\u0e21\u0e37\u0e2d\u0e19\u0e01\u0e31\u0e19\u0e40\u0e21\u0e37\u0e48\u0e2d\u0e40\u0e01\u0e48\u0e07\u0e2b\u0e23\u0e37\u0e2d\u0e16\u0e19\u0e31\u0e14\u0e40\u0e23\u0e37\u0e48\u0e2d\u0e07\u0e43\u0e14\u0e40\u0e23\u0e37\u0e48\u0e2d\u0e07\u0e2b\u0e19\u0e36\u0e48\u0e07 \u0e40\u0e0a\u0e48\u0e19\u00a0\u5979\u5f88\u80fd\u8bf4\uff0c\u4e00\u8bf4\u5c31\u662f\u51e0\u4e2a\u5c0f\u65f6\u3002\u0e40\u0e02\u0e32\u0e1e\u0e39\u0e14\u0e40\u0e01\u0e48\u0e07\u0e21\u0e32\u0e01\u00a0\u00a0\u0e1e\u0e39\u0e14\u0e17\u0e35\u0e01\u0e47\u0e2b\u0e25\u0e32\u0e22\u0e0a\u0e31\u0e48\u0e27\u0e42\u0e21\u0e07\u00a0\u00a0\u0e42\u0e14\u0e22\u0e08\u0e30\u0e15\u0e49\u0e2d\u0e07\u0e21\u0e35\u0e04\u0e33\u0e17\u0e35\u0e48\u0e41\u0e2a\u0e14\u0e07\u0e23\u0e30\u0e14\u0e31\u0e1a\u0e04\u0e27\u0e32\u0e21\u0e40\u0e02\u0e49\u0e21\u0e02\u0e49\u0e19(\u5f88\u3001\u975e\u5e38\u3001\u6700\u3001\u771f)\u0e44\u0e27\u0e49\u0e02\u0e49\u0e32\u0e07\u0e2b\u0e19\u0e49\u0e32\u0e40\u0e2a\u0e21\u0e2d<\/p>\n<p><strong><span style=\"text-decoration: underline\">\u0e01\u0e32\u0e23\u0e43\u0e0a\u0e49 \u4e00\u70b9\uff08\u513f\uff09\u0e01\u0e31\u0e1a \u6709\u70b9\uff08\u513f\uff09<\/span><\/strong><\/p>\n<p><span style=\"text-decoration: underline\">\u0e01\u0e32\u0e23\u0e43\u0e0a\u0e49\u00a0\u4e00\u70b9\uff08\u513f\uff09<\/span><\/p>\n<p>\u4e00\u70b9\u513f\u0e43\u0e0a\u0e49\u0e27\u0e32\u0e07\u0e2b\u0e25\u0e31\u0e07\u0e04\u0e33\u0e04\u0e38\u0e13\u0e28\u0e31\u0e1e\u0e17\u0e4c (adj.)\u00a0\u00a0\u0e21\u0e35\u0e04\u0e27\u0e32\u0e21\u0e2b\u0e21\u0e32\u0e22\u0e27\u0e48\u0e32 &#8230;&#8230;&#8230;&#8230;.\u0e01\u0e27\u0e48\u0e32\u0e19\u0e35\u0e49\u0e2b\u0e19\u0e48\u0e2d\u0e22\u00a0\u00a0\u0e40\u0e0a\u0e48\u0e19\u00a0\u5927\u4e00\u70b9\u513f\u00a0\u0e43\u0e2b\u0e0d\u0e48\u0e01\u0e27\u0e48\u0e32\u0e19\u0e35\u0e49\u0e2b\u0e19\u0e48\u0e2d\u0e22,\u00a0\u00a0\u5c0f\u4e00\u70b9\u513f\u00a0\u0e40\u0e25\u0e47\u0e01\u0e01\u0e27\u0e48\u0e32\u0e19\u0e35\u0e49\u0e2b\u0e19\u0e48\u0e2d\u0e22<\/p>\n<p>\u4e00\u70b9\u513f\u00a0\u0e43\u0e0a\u0e49\u0e02\u0e22\u0e32\u0e22\u0e04\u0e33\u0e19\u0e32\u0e21 (N.)\u00a0\u00a0\u0e21\u0e35\u0e04\u0e27\u0e32\u0e21\u0e2b\u0e21\u0e32\u0e22\u0e27\u0e48\u0e32 &#8230;&#8230;&#8230;\u0e19\u0e34\u0e14\u0e2b\u0e19\u0e48\u0e2d\u0e22\u00a0\u00a0\u0e40\u0e0a\u0e48\u0e19\u00a0\u4e00\u70b9\u513f\u4e1c\u897f\u00a0\u0e02\u0e2d\u0e07\u0e19\u0e34\u0e14\u0e2b\u0e19\u0e48\u0e2d\u0e22,\u4e00\u70b9\u513f\u94b1\u00a0\u0e40\u0e07\u0e34\u0e19\u0e19\u0e34\u0e14\u0e2b\u0e19\u0e48\u0e2d\u0e22<\/p>\n<p>\u4e00\u70b9\u513f\u00a0\u0e43\u0e0a\u0e49\u0e27\u0e32\u0e07\u0e2b\u0e25\u0e31\u0e07\u0e04\u0e33\u0e01\u0e34\u0e23\u0e34\u0e22\u0e32 (v.)\u00a0\u00a0\u0e21\u0e35\u0e04\u0e27\u0e32\u0e21\u0e2b\u0e21\u0e32\u0e22\u0e27\u0e48\u0e32 &#8230;&#8230;&#8230;&#8230;.\u0e2b\u0e19\u0e48\u0e2d\u0e22\u00a0\u00a0\u0e40\u0e0a\u0e48\u0e19\u00a0\u00a0\u4e70\u4e00\u70b9\u513f\u00a0\u0e0b\u0e37\u0e49\u0e2d\u0e2b\u0e19\u0e48\u0e2d\u0e22<\/p>\n<p><span style=\"text-decoration: underline\">\u0e01\u0e32\u0e23\u0e43\u0e0a\u0e49\u6709\u70b9\uff08\u513f\uff09<\/span><\/p>\n<p>\u6709\u70b9\u513f\u00a0\u0e43\u0e0a\u0e49\u0e02\u0e22\u0e32\u0e22\u0e04\u0e33\u0e04\u0e38\u0e13\u0e28\u0e31\u0e1e\u0e17\u0e4c (adj.)\u00a0\u00a0\u0e21\u0e35\u0e04\u0e27\u0e32\u0e21\u0e2b\u0e21\u0e32\u0e22\u0e27\u0e48\u0e32 &#8230;&#8230;&#8230;&#8230;.\u0e44\u0e1b\u0e2b\u0e19\u0e48\u0e2d\u0e22\u00a0\u00a0\u0e40\u0e0a\u0e48\u0e19\u00a0\u6709\u70b9\u513f\u5927\u00a0\u0e43\u0e2b\u0e0d\u0e48\u0e44\u0e1b\u0e2b\u0e19\u0e48\u0e2d\u0e22,\u00a0\u00a0\u6709\u70b9\u513f\u7626\u00a0\u0e1c\u0e2d\u0e21\u0e44\u0e1b\u0e2b\u0e19\u0e48\u0e2d\u0e22,\u00a0\u6709\u70b9\u513f\u96be\u00a0\u0e22\u0e32\u0e01\u0e44\u0e1b\u0e2b\u0e19\u0e48\u0e2d\u0e22<\/p>\n<p>\u6709\u70b9\u513f\u00a0\u0e43\u0e0a\u0e49\u0e02\u0e22\u0e32\u0e22\u0e04\u0e33\u0e01\u0e34\u0e23\u0e34\u0e22\u0e32 (v.)\u00a0\u00a0\u0e21\u0e35\u0e04\u0e27\u0e32\u0e21\u0e2b\u0e21\u0e32\u0e22\u0e27\u0e48\u0e32 &#8230;&#8230;&#8230;&#8230;.\u0e19\u0e34\u0e14\u0e2b\u0e19\u0e48\u0e2d\u0e22\u00a0\u6211\u6709\u70b9\u513f\u4e0d\u660e\u767d\u3002\u0e09\u0e31\u0e19\u0e44\u0e21\u0e48\u0e40\u0e02\u0e49\u0e32\u0e43\u0e08\u0e19\u0e34\u0e14\u0e2b\u0e19\u0e48\u0e2d\u0e22,\u00a0\u6709\u70b9\u513f\u4e0d\u559c\u6b22\u00a0\u0e44\u0e21\u0e48\u0e0a\u0e2d\u0e1a\u0e19\u0e34\u0e14\u0e2b\u0e19\u0e48\u0e2d\u0e22<\/p>\n<p><span style=\"text-decoration: underline\"><strong>\u0e01\u0e32\u0e23\u0e43\u0e0a\u0e49 \u4e0d \u0e01\u0e31\u0e1a \u6ca1<\/strong><\/span><\/p>\n<p>\u4e0d\u00a0\u0e43\u0e0a\u0e49\u0e01\u0e31\u0e1a\u0e40\u0e2b\u0e15\u0e38\u0e01\u0e32\u0e23\u0e13\u0e4c\u0e2b\u0e23\u0e37\u0e2d\u0e01\u0e32\u0e23\u0e01\u0e23\u0e30\u0e17\u0e33\u0e43\u0e19\u0e1b\u0e31\u0e08\u0e08\u0e38\u0e1a\u0e31\u0e19\u0e41\u0e25\u0e30\u0e2d\u0e19\u0e32\u0e04\u0e15\u00a0\u00a0\u0e2b\u0e23\u0e37\u0e2d\u0e2a\u0e34\u0e48\u0e07\u0e17\u0e35\u0e48\u0e40\u0e01\u0e34\u0e14\u0e02\u0e36\u0e49\u0e19\u0e1b\u0e23\u0e30\u0e08\u0e33\u0e08\u0e19\u0e40\u0e1b\u0e47\u0e19\u0e19\u0e34\u0e2a\u0e31\u0e22\u00a0\u00a0\u0e40\u0e0a\u0e48\u0e19<\/p>\n<p>\u6211\u4eca\u5929\u4e0d\u53bb\u4e0a\u8bfe\uff0c\u660e\u5929\u4e5f\u4e0d\u53bb\u3002\u0e27\u0e31\u0e19\u0e19\u0e35\u0e49\u0e09\u0e31\u0e19\u0e44\u0e21\u0e48\u0e44\u0e1b\u0e40\u0e23\u0e35\u0e22\u0e19\u00a0\u00a0\u0e1e\u0e23\u0e38\u0e48\u0e07\u0e19\u0e35\u0e49\u0e01\u0e47\u0e44\u0e21\u0e48\u0e44\u0e1b<\/p>\n<p>\u4ed6\u5e38\u5e38\u4e0d\u542c\u5988\u5988\u7684\u8bdd\u3002\u0e40\u0e02\u0e32\u0e44\u0e21\u0e48\u0e1f\u0e31\u0e07\u0e04\u0e33\u0e1e\u0e39\u0e14\u0e02\u0e2d\u0e07\u0e41\u0e21\u0e48\u0e2d\u0e22\u0e39\u0e48\u0e1a\u0e48\u0e2d\u0e22\u0e46<\/p>\n<p>\u7238\u7238\u4ece\u6765\u4e0d\u559d\u9152\u3002\u0e1e\u0e48\u0e2d\u0e44\u0e21\u0e48\u0e40\u0e04\u0e22\u0e14\u0e37\u0e48\u0e21\u0e40\u0e2b\u0e25\u0e49\u0e32\u0e21\u0e32\u0e01\u0e48\u0e2d\u0e19<\/p>\n<p>\u6ca1\u00a0\u0e43\u0e0a\u0e49\u0e01\u0e31\u0e1a\u0e40\u0e2b\u0e15\u0e38\u0e01\u0e32\u0e23\u0e13\u0e4c\u0e2b\u0e23\u0e37\u0e2d\u0e01\u0e32\u0e23\u0e01\u0e23\u0e30\u0e17\u0e33\u0e17\u0e35\u0e48\u0e40\u0e01\u0e34\u0e14\u0e02\u0e36\u0e49\u0e19\u0e41\u0e25\u0e49\u0e27\u00a0\u00a0\u0e42\u0e14\u0e22\u0e08\u0e30\u0e43\u0e0a\u0e49\u00a0\u6ca1\u00a0\u0e15\u0e31\u0e27\u0e40\u0e14\u0e35\u0e22\u0e27 \u0e2b\u0e23\u0e37\u0e2d\u00a0\u6ca1\u6709\u0e01\u0e47\u0e44\u0e14\u0e49\u00a0\u00a0\u0e41\u0e15\u0e48\u00a0\u6ca1\u6709\u0e43\u0e19\u0e17\u0e35\u0e48\u0e19\u0e35\u0e49\u0e41\u0e1b\u0e25\u0e27\u0e48\u0e32\u0e44\u0e21\u0e48\u0e44\u0e14\u0e49\u00a0\u00a0(\u0e44\u0e21\u0e48\u0e43\u0e0a\u0e48\u0e41\u0e1b\u0e25\u0e27\u0e48\u0e32\u0e44\u0e21\u0e48\u0e21\u0e35) \u0e40\u0e0a\u0e48\u0e19\u00a0\u4ed6\u6628\u5929\u6ca1\uff08\u6709\uff09\u6765\u4e0a\u73ed\u3002\u0e40\u0e21\u0e37\u0e48\u0e2d\u0e27\u0e32\u0e19\u0e40\u0e02\u0e32\u0e44\u0e21\u0e48\u0e44\u0e14\u0e49\u0e21\u0e32\u0e17\u0e33\u0e07\u0e32\u0e19<\/p>\n","protected":false},"excerpt":{"rendered":"<p>\u0e01\u0e32\u0e23\u0e1c\u0e31\u0e19\u0e40\u0e2a\u0e35\u0e22\u0e07\u0e02\u0e2d\u0e07\u0e04\u0e33\u0e27\u0e48\u0e32 \u4e00 \u0e15\u0e31\u0e27\u0e40\u0e25\u0e02 \u4e00 \u0e40\u0e2a\u0e35\u0e22\u0e07\u0e40\u0e14\u0e34\u0e21 &hellip; <a class=\"more-link\" href=\"https:\/\/www.st.ac.th\/cnst\/%e0%b8%ab%e0%b8%a5%e0%b8%b1%e0%b8%81%e0%b9%84%e0%b8%a7%e0%b8%a2%e0%b8%b2%e0%b8%81%e0%b8%a3%e0%b8%93%e0%b9%8c\/\">read more<\/a><\/p>","protected":false},"author":63,"featured_media":0,"parent":0,"menu_order":0,"comment_status":"closed","ping_status":"closed","template":"","meta":{"jetpack_post_was_ever_published":false,"footnotes":""},"class_list":["post-15","page","type-page","status-publish","hentry"],"blog_post_layout_featured_media_urls":{"thumbnail":"","full":""},"categories_names":null,"comments_number":0,"wpmagazine_modules_lite_featured_media_urls":{"thumbnail":"","cvmm-medium":"","cvmm-medium-plus":"","cvmm-portrait":"","cvmm-medium-square":"","cvmm-large":"","cvmm-small":"","full":""},"jetpack_sharing_enabled":true,"jetpack_shortlink":"https:\/\/wp.me\/P75vJB-f","_links":{"self":[{"href":"https:\/\/www.st.ac.th\/cnst\/wp-json\/wp\/v2\/pages\/15","targetHints":{"allow":["GET"]}}],"collection":[{"href":"https:\/\/www.st.ac.th\/cnst\/wp-json\/wp\/v2\/pages"}],"about":[{"href":"https:\/\/www.st.ac.th\/cnst\/wp-json\/wp\/v2\/types\/page"}],"author":[{"embeddable":true,"href":"https:\/\/www.st.ac.th\/cnst\/wp-json\/wp\/v2\/users\/63"}],"replies":[{"embeddable":true,"href":"https:\/\/www.st.ac.th\/cnst\/wp-json\/wp\/v2\/comments?post=15"}],"version-history":[{"count":0,"href":"https:\/\/www.st.ac.th\/cnst\/wp-json\/wp\/v2\/pages\/15\/revisions"}],"wp:attachment":[{"href":"https:\/\/www.st.ac.th\/cnst\/wp-json\/wp\/v2\/media?parent=15"}],"curies":[{"name":"wp","href":"https:\/\/api.w.org\/{rel}","templated":true}]}}